{"id":8,"date":"2018-07-23T10:33:33","date_gmt":"2018-07-23T07:33:33","guid":{"rendered":"https:\/\/gokhangulkilik.com\/de\/\/?page_id=8"},"modified":"2022-05-23T19:04:59","modified_gmt":"2022-05-23T16:04:59","slug":"uber-mich","status":"publish","type":"page","link":"https:\/\/gokhangulkilik.com\/de\/uber-mich\/","title":{"rendered":"\u00dcber Mich"},"content":{"rendered":"<p>Prof.Dr. G\u00f6khan G\u00fclk\u0131l\u0131k wurde 1974 in Istanbul geboren. Er absolvierte seine Primar-, Sekundar- und Oberschulbildung in Istanbul. Seine medizinische Ausbildung absolvierte er zwischen 1992-1999 an der Medizinischen Fakult\u00e4t der Marmara Universit\u00e4t. Seine Facharztausbildung absolvierte er zwischen 1999-2003 am Istanbul Vak\u0131f Gureba Trainings- und Forschungskrankenhaus. Nach seiner Facharztausbildung arbeitete er zwischen 2003-2008 am Istanbul Vak\u0131f Gureba Trainings- und Forschungskrankenhaus in den Zweigen Katarakt, Glaukom, medizinische Netzhaut und vitreoretinale Chirurgie. Zwischen 2007 und 2008 sammelte er seine Erfahrung im Bereich Augentrauma im \u015e\u0131rnak Milit\u00e4rkrankenhaus. Zwischen 2008 und 2011 setzte sie ihr Studium am Ausbildungs- und Forschungskrankenhaus \u015ei\u015fli Etfal fort. 2010 wurde er au\u00dferordentlicher Professor. Sp\u00e4ter wechselte er 2011 an die Istanbul Medipol University, wo er 3 Jahre lang als Leiter der Abteilung t\u00e4tig war.<\/p>\n<p>Prof.Dr.G\u00f6khan G\u00fclk\u0131l\u0131k setzte sein aktives Berufsleben fort, indem er aktuelle Entwicklungen verfolgte und Vortr\u00e4ge auf nationalen und internationalen Tagungen hielt. Er arbeitet weiterhin insbesondere an Katarakt, Smart-Linsen-Anwendungen und komplizierten (schwierigen) Kataraktf\u00e4llen, Glaukom-(Augendruck-)Operationen, medizinischer Netzhaut und vitreoretinaler Chirurgie. Dar\u00fcber hinaus f\u00fchrt er routinem\u00e4\u00dfig Augenlid\u00e4sthetiken, Tr\u00e4nenwegsoperationen und Strabismusoperationen durch.<\/p>\n<p>Prof.Dr.G\u00f6khan G\u00fclk\u0131l\u0131k besitzt das Zertifikat des International Council of Ophthalmology. Er ist au\u00dferdem Mitglied der T\u00fcrkischen Ophthalmologie-Vereinigung und aktives Mitglied der Medizinischen Retina-Einheit der T\u00fcrkischen Ophthalmologie-Vereinigung.<\/p>\n<p>Prof.Dr.G\u00f6khan G\u00fclk\u0131l\u0131k hat viele in- und ausl\u00e4ndische Ver\u00f6ffentlichungen und Pr\u00e4sentationen. W\u00e4hrend seines Berufslebens trug er zur Ausbildung vieler Augen\u00e4rzte bei.<\/p>\n<h2><strong><u>Arbeitspl\u00e4tze:<\/u><\/strong><\/h2>\n<ul>\n<li>Katarakt und komplizierte (hoher Schwierigkeitsgrad) Kataraktoperationen<\/li>\n<li>Smart-Linsen-Anwendungen<\/li>\n<li>Medizinische Netzhaut<\/li>\n<li>Vitreoretinale Chirurgie (Netzhautoperationen)<\/li>\n<li>Augenverletzungen und Behandlung<\/li>\n<li>Glaukom Operationen<\/li>\n<\/ul>\n<h2><strong><u>Andere Augenoperationen f\u00fchrte und trainierte er;<\/u><\/strong><\/h2>\n<ul>\n<li>Hornhauttransplantation<\/li>\n<li>Augenlid\u00e4sthetik<\/li>\n<li>Operationen bei Tr\u00e4nenwegsobstruktionen<\/li>\n<li>Strabismus (Strabismus) Operationen<\/li>\n<\/ul>\n<h2><strong><u>Mitgliedschaft Berufsverb\u00e4nde<\/u><\/strong><\/h2>\n<ul>\n<li>T\u00fcrkische Augenheilkunde-Vereinigung<\/li>\n<li>Medizinische Retina-Einheit des t\u00fcrkischen Augenarztverbandes<\/li>\n<li>American Academy Of Ophthalmology<\/li>\n<li>T\u00fcrkische \u00c4rztekammer<\/li>\n<\/ul>\n<h2><strong><u>Zusammenfassung der wissenschaftlichen Aktivit\u00e4ten<\/u><\/strong><\/h2>\n<ul>\n<li>Anzahl der Artikel in internationalen referierten Zeitschriften: 49<\/li>\n<li>Anzahl der Artikel in nationalen referierten Zeitschriften: 21<\/li>\n<li>Anzahl Pr\u00e4sentationen und Poster auf internationalen Kongressen: 61<\/li>\n<li>Anzahl der Pr\u00e4sentationen und Poster auf nationalen Kongressen: 92<\/li>\n<li>Buch\u00fcbersetzung und Kapitelerstellung: 1<\/li>\n<\/ul>\n<p>\u00a0<\/p>\n\n\n<p>&nbsp;<\/p>\n","protected":false},"excerpt":{"rendered":"<p>Prof.Dr. G\u00f6khan G\u00fclk\u0131l\u0131k wurde 1974 in Istanbul geboren. Er absolvierte seine Primar-, Sekundar- und Oberschulbildung in Istanbul. Seine medizinische Ausbildung absolvierte er zwischen 1992-1999 an der Medizinischen Fakult\u00e4t der Marmara Universit\u00e4t. Seine Facharztausbildung absolvierte er zwischen 1999-2003 am Istanbul Vak\u0131f Gureba Trainings- und Forschungskrankenhaus. Nach seiner Facharztausbildung arbeitete er zwischen 2003-2008 am Istanbul Vak\u0131f Gureba [&hellip;]<\/p>\n","protected":false},"author":2,"featured_media":944,"parent":0,"menu_order":0,"comment_status":"closed","ping_status":"closed","template":"","meta":{"footnotes":""},"class_list":["post-8","page","type-page","status-publish","has-post-thumbnail","hentry"],"_links":{"self":[{"href":"https:\/\/gokhangulkilik.com\/de\/wp-json\/wp\/v2\/pages\/8","targetHints":{"allow":["GET"]}}],"collection":[{"href":"https:\/\/gokhangulkilik.com\/de\/wp-json\/wp\/v2\/pages"}],"about":[{"href":"https:\/\/gokhangulkilik.com\/de\/wp-json\/wp\/v2\/types\/page"}],"author":[{"embeddable":true,"href":"https:\/\/gokhangulkilik.com\/de\/wp-json\/wp\/v2\/users\/2"}],"replies":[{"embeddable":true,"href":"https:\/\/gokhangulkilik.com\/de\/wp-json\/wp\/v2\/comments?post=8"}],"version-history":[{"count":3,"href":"https:\/\/gokhangulkilik.com\/de\/wp-json\/wp\/v2\/pages\/8\/revisions"}],"predecessor-version":[{"id":1101,"href":"https:\/\/gokhangulkilik.com\/de\/wp-json\/wp\/v2\/pages\/8\/revisions\/1101"}],"wp:featuredmedia":[{"embeddable":true,"href":"https:\/\/gokhangulkilik.com\/de\/wp-json\/wp\/v2\/media\/944"}],"wp:attachment":[{"href":"https:\/\/gokhangulkilik.com\/de\/wp-json\/wp\/v2\/media?parent=8"}],"curies":[{"name":"wp","href":"https:\/\/api.w.org\/{rel}","templated":true}]}}