{"id":15,"date":"2018-07-23T10:33:40","date_gmt":"2018-07-23T07:33:40","guid":{"rendered":"https:\/\/gokhangulkilik.com\/de\/\/?page_id=15"},"modified":"2025-03-21T14:53:02","modified_gmt":"2025-03-21T11:53:02","slug":"kontakt","status":"publish","type":"page","link":"https:\/\/gokhangulkilik.com\/de\/kontakt\/","title":{"rendered":"Kontakt"},"content":{"rendered":"<p><strong>Die Anschrift : Retina Akademi G\u00f6z Klini\u011fi, Fulya Mah. B\u00fcy\u00fckdere Cad. No:74\/A Blok Torun Center Garden Office D:32 \u015ei\u015fli\/\u0130stanbul<\/strong><\/p>\n<p><strong>Telefon<\/strong> :\u00a0<a href=\"&quot;tel:+902128132223\">+90 (212) 813 22 23<\/a><\/p>\n<p><strong>GSM<\/strong> :\u00a0<a href=\"&quot;tel:+905388830152\">+90 (538) 883 01 52<\/a><\/p>\n<p><strong>E-Mail :\u00a0<\/strong><a href=\"mailto:info@gokhangulkilik.com\">info@gokhangulkilik.com\u00a0<\/a><\/p>\n<p>F\u00fcr unsere Patienten, die mit ihren Privatfahrzeugen anreisen, gibt es hinter unserem Geb\u00e4ude eine Einfahrt zum \u0130SPARK-Parkplatz. Sie k\u00f6nnen eine Wegbeschreibung erhalten, indem Sie auf die Schaltfl\u00e4che unten klicken.<\/p>\n<h2>Richtungen<\/h2>\n<div class=\"row\">\n<div class=\"col-12 col-sm-12 col-md-12 col-lg-6 col-xl-6\" style=\"padding: 15px;\"><a href=\"https:\/\/www.google.com.tr\/maps\/dir\/\/&#039;41.064004,28.9991345&#039;\/@41.0639987,28.9641152,13z\/data=!4m7!4m6!1m0!1m3!2m2!1d28.999106!2d41.0639753!3e0\" target=\"_blank\" rel=\"noopener noreferrer nofollow\"><img decoding=\"async\" class=\"img-fit\" style=\"width: 100%; height: auto; display: block;\" src=\"https:\/\/gokhangulkilik.com\/de\/wp-content\/uploads\/2021\/12\/araba.jpg\" alt=\"\" title=\"\"><\/a><\/div>\n<div class=\"col-12 col-sm-12 col-md-12 col-lg-6 col-xl-6\" style=\"padding: 15px;\"><a href=\"https:\/\/www.google.com.tr\/maps\/dir\/\/&#039;41.0663536,28.9986601&#039;\/@41.0664445,28.9634451,13z\/data=!3m1!4b1!4m7!4m6!1m0!1m3!2m2!1d28.9986601!2d41.0663536!3e2\" target=\"_blank\" rel=\"noopener noreferrer nofollow\"><img decoding=\"async\" class=\"img-fit\" style=\"width: 100%; height: auto; display: block;\" src=\"https:\/\/gokhangulkilik.com\/de\/wp-content\/uploads\/2021\/12\/yaya.jpg\" alt=\"\" title=\"\"><\/a><\/div>\n<\/div>\n<p><iframe loading=\"lazy\" style=\"border: 0;\" tabindex=\"0\" src=\"https:\/\/www.google.com\/maps\/embed?pb=!1m18!1m12!1m3!1d12035.42095055816!2d29.01107579895002!3d41.05029470148555!2m3!1f0!2f0!3f0!3m2!1i1024!2i768!4f13.1!3m3!1m2!1s0x14cab7ea06f7c203%3A0x2df04f931e65f9e7!2sTorun%20Center%20Otopark!5e0!3m2!1str!2str!4v1603360802787!5m2!1str!2str\" width=\"100%\" height=\"450\" frameborder=\"0\" allowfullscreen=\"allowfullscreen\" aria-hidden=\"false\"><\/iframe><\/p>\n","protected":false},"excerpt":{"rendered":"<p>Die Anschrift : Retina Akademi G\u00f6z Klini\u011fi, Fulya Mah. B\u00fcy\u00fckdere Cad. No:74\/A Blok Torun Center Garden Office D:32 \u015ei\u015fli\/\u0130stanbul Telefon :\u00a0+90 (212) 813 22 23 GSM :\u00a0+90 (538) 883 01 52 E-Mail :\u00a0info@gokhangulkilik.com\u00a0 F\u00fcr unsere Patienten, die mit ihren Privatfahrzeugen anreisen, gibt es hinter unserem Geb\u00e4ude eine Einfahrt zum \u0130SPARK-Parkplatz. Sie k\u00f6nnen eine Wegbeschreibung erhalten, [&hellip;]<\/p>\n","protected":false},"author":2,"featured_media":0,"parent":0,"menu_order":0,"comment_status":"closed","ping_status":"closed","template":"","meta":{"footnotes":""},"class_list":["post-15","page","type-page","status-publish","hentry"],"_links":{"self":[{"href":"https:\/\/gokhangulkilik.com\/de\/wp-json\/wp\/v2\/pages\/15","targetHints":{"allow":["GET"]}}],"collection":[{"href":"https:\/\/gokhangulkilik.com\/de\/wp-json\/wp\/v2\/pages"}],"about":[{"href":"https:\/\/gokhangulkilik.com\/de\/wp-json\/wp\/v2\/types\/page"}],"author":[{"embeddable":true,"href":"https:\/\/gokhangulkilik.com\/de\/wp-json\/wp\/v2\/users\/2"}],"replies":[{"embeddable":true,"href":"https:\/\/gokhangulkilik.com\/de\/wp-json\/wp\/v2\/comments?post=15"}],"version-history":[{"count":28,"href":"https:\/\/gokhangulkilik.com\/de\/wp-json\/wp\/v2\/pages\/15\/revisions"}],"predecessor-version":[{"id":1138,"href":"https:\/\/gokhangulkilik.com\/de\/wp-json\/wp\/v2\/pages\/15\/revisions\/1138"}],"wp:attachment":[{"href":"https:\/\/gokhangulkilik.com\/de\/wp-json\/wp\/v2\/media?parent=15"}],"curies":[{"name":"wp","href":"https:\/\/api.w.org\/{rel}","templated":true}]}}